{"id":1189,"date":"2025-02-01T12:36:40","date_gmt":"2025-02-01T09:36:40","guid":{"rendered":"https:\/\/www.etishome.com\/%d0%be-%d0%bd%d0%b0%d1%81\/"},"modified":"2025-02-01T12:36:40","modified_gmt":"2025-02-01T09:36:40","slug":"%d0%be-%d0%bd%d0%b0%d1%81","status":"publish","type":"page","link":"https:\/\/www.etishome.com\/ru\/%d0%be-%d0%bd%d0%b0%d1%81\/","title":{"rendered":"\u041e \u043d\u0430\u0441"},"content":{"rendered":"\t\t<div data-elementor-type=\"wp-page\" data-elementor-id=\"1189\" class=\"elementor elementor-1189\" data-elementor-post-type=\"page\">\n\t\t\t\t\t\t<section class=\"elementor-section elementor-top-section elementor-element elementor-element-21c2034a elementor-section-boxed elementor-section-height-default elementor-section-height-default\" data-id=\"21c2034a\" data-element_type=\"section\" data-settings=\"{&quot;background_background&quot;:&quot;classic&quot;}\">\n\t\t\t\t\t\t<div class=\"elementor-container elementor-column-gap-default\">\n\t\t\t\t\t<div class=\"elementor-column elementor-col-100 elementor-top-column elementor-element elementor-element-4c6e0cbc\" data-id=\"4c6e0cbc\" data-element_type=\"column\">\n\t\t\t<div class=\"elementor-widget-wrap elementor-element-populated\">\n\t\t\t\t\t\t<div class=\"elementor-element elementor-element-6328f0b5 elementor-invisible elementor-widget elementor-widget-heading\" data-id=\"6328f0b5\" data-element_type=\"widget\" data-settings=\"{&quot;_animation&quot;:&quot;fadeInUp&quot;}\" data-widget_type=\"heading.default\">\n\t\t\t\t<div class=\"elementor-widget-container\">\n\t\t\t\t\t<h1 class=\"elementor-heading-title elementor-size-default\">\u041e \u043d\u0430\u0441<\/h1>\t\t\t\t<\/div>\n\t\t\t\t<\/div>\n\t\t\t\t\t<\/div>\n\t\t<\/div>\n\t\t\t\t\t<\/div>\n\t\t<\/section>\n\t\t\t\t<section class=\"elementor-section elementor-top-section elementor-element elementor-element-6184bbc elementor-section-boxed elementor-section-height-default elementor-section-height-default\" data-id=\"6184bbc\" data-element_type=\"section\">\n\t\t\t\t\t\t<div class=\"elementor-container elementor-column-gap-default\">\n\t\t\t\t\t<div class=\"elementor-column elementor-col-50 elementor-top-column elementor-element elementor-element-6c76e4c2\" data-id=\"6c76e4c2\" data-element_type=\"column\" data-settings=\"{&quot;background_background&quot;:&quot;classic&quot;}\">\n\t\t\t<div class=\"elementor-widget-wrap elementor-element-populated\">\n\t\t\t\t\t\t<div class=\"elementor-element elementor-element-208074a4 elementor-invisible elementor-widget elementor-widget-image\" data-id=\"208074a4\" data-element_type=\"widget\" data-settings=\"{&quot;_animation&quot;:&quot;rotateIn&quot;}\" data-widget_type=\"image.default\">\n\t\t\t\t<div class=\"elementor-widget-container\">\n\t\t\t\t\t\t\t\t\t\t\t\t\t\t\t<img fetchpriority=\"high\" decoding=\"async\" width=\"1260\" height=\"1068\" src=\"https:\/\/www.etishome.com\/wp-content\/uploads\/2025\/05\/ranza2.jpg\" class=\"attachment-full size-full wp-image-438\" alt=\"\" srcset=\"https:\/\/www.etishome.com\/wp-content\/uploads\/2025\/05\/ranza2.jpg 1260w, https:\/\/www.etishome.com\/wp-content\/uploads\/2025\/05\/ranza2-600x509.jpg 600w, https:\/\/www.etishome.com\/wp-content\/uploads\/2025\/05\/ranza2-300x254.jpg 300w, https:\/\/www.etishome.com\/wp-content\/uploads\/2025\/05\/ranza2-1024x868.jpg 1024w, https:\/\/www.etishome.com\/wp-content\/uploads\/2025\/05\/ranza2-768x651.jpg 768w\" sizes=\"(max-width: 1260px) 100vw, 1260px\" \/>\t\t\t\t\t\t\t\t\t\t\t\t\t\t\t<\/div>\n\t\t\t\t<\/div>\n\t\t\t\t\t<\/div>\n\t\t<\/div>\n\t\t\t\t<div class=\"elementor-column elementor-col-50 elementor-top-column elementor-element elementor-element-6cd4ec8d elementor-invisible\" data-id=\"6cd4ec8d\" data-element_type=\"column\" data-settings=\"{&quot;animation&quot;:&quot;fadeInRight&quot;}\">\n\t\t\t<div class=\"elementor-widget-wrap elementor-element-populated\">\n\t\t\t\t\t\t<div class=\"elementor-element elementor-element-5ed9fb78 elementor-widget elementor-widget-heading\" data-id=\"5ed9fb78\" data-element_type=\"widget\" data-widget_type=\"heading.default\">\n\t\t\t\t<div class=\"elementor-widget-container\">\n\t\t\t\t\t<h6 class=\"elementor-heading-title elementor-size-default\">Biz Kimiz?<\/h6>\t\t\t\t<\/div>\n\t\t\t\t<\/div>\n\t\t\t\t<div class=\"elementor-element elementor-element-cbfb61a elementor-widget elementor-widget-heading\" data-id=\"cbfb61a\" data-element_type=\"widget\" data-widget_type=\"heading.default\">\n\t\t\t\t<div class=\"elementor-widget-container\">\n\t\t\t\t\t<h5 class=\"elementor-heading-title elementor-size-default\">Sadece Mobilya \u00fcretmeyelim, ilham verelim.<\/h5>\t\t\t\t<\/div>\n\t\t\t\t<\/div>\n\t\t\t\t<div class=\"elementor-element elementor-element-5554df55 elementor-widget elementor-widget-text-editor\" data-id=\"5554df55\" data-element_type=\"widget\" data-widget_type=\"text-editor.default\">\n\t\t\t\t<div class=\"elementor-widget-container\">\n\t\t\t\t\t\t\t\t\t<p>Etis, sadece bir mobilya markas\u0131 de\u011fil; y\u0131llar\u0131n birikimi, eme\u011fi ve tutkusu ile do\u011fmu\u015f bir vizyonun ad\u0131d\u0131r. Kurucular\u0131, mobilya sekt\u00f6r\u00fcnde uzun y\u0131llar boyunca edindikleri tecr\u00fcbe, teknik bilgi ve estetik anlay\u0131\u015f\u0131 bir araya getirerek, bu yolculu\u011fu daha b\u00fcy\u00fck bir anlamla ta\u00e7land\u0131rmak \u00fczere Etis\u2019i hayata ge\u00e7irdi.<\/p><p>Her biri kendi alan\u0131nda uzmanla\u015fm\u0131\u015f, yenili\u011fe a\u00e7\u0131k, detaylara tutkuyla ba\u011fl\u0131 bir ekipten olu\u015fan Etis ailesi, sekt\u00f6rdeki donan\u0131m\u0131n\u0131 art\u0131k kendi imzas\u0131 alt\u0131nda birle\u015ftiriyor. Bu g\u00fc\u00e7l\u00fc temel \u00fczerine kurulan Etis, sadece \u00fcretim yapan bir yap\u0131 olman\u0131n \u00f6tesinde; tasar\u0131m, fonsiyon ve duyguyu ayn\u0131 potada eriten bir ya\u015fam markas\u0131d\u0131r.<\/p><p>Etis&#8217;in hikayesi, bir mobilyadan fazlas\u0131n\u0131 arayanlar\u0131n hikayesidir. Sanatla i\u015f\u00e7ili\u011fi, teknolojiyle geleneksel zanaatkarl\u0131\u011f\u0131 harmanlayan yap\u0131s\u0131yla Etis, hem yerel hemde k\u00fcresel pazarda kal\u0131c\u0131 bir iz b\u0131rakmay\u0131 hedefler. \u00dcretimin her a\u015famas\u0131nda kalite, tasar\u0131m\u0131n her \u00e7izgisinde \u00f6zg\u00fcnl\u00fck, hizmetin her ad\u0131m\u0131nda g\u00fcven yer al\u0131r.<\/p><p>Bug\u00fcn Etis, hem ya\u015fam alanlar\u0131n\u0131 d\u00f6n\u00fc\u015ft\u00fcren \u00fcr\u00fcnleri hem de insana ve do\u011faya duyarl\u0131 yakla\u015f\u0131m\u0131yla fark yarat\u0131yor. Yola \u00e7\u0131karken benimsedi\u011fimiz temel ilkemiz nettir.\u00a0\u00a0<\/p>\t\t\t\t\t\t\t\t<\/div>\n\t\t\t\t<\/div>\n\t\t\t\t<div class=\"elementor-element elementor-element-10556e0f elementor-widget-divider--view-line elementor-widget elementor-widget-divider\" data-id=\"10556e0f\" data-element_type=\"widget\" data-widget_type=\"divider.default\">\n\t\t\t\t<div class=\"elementor-widget-container\">\n\t\t\t\t\t\t\t<div class=\"elementor-divider\">\n\t\t\t<span class=\"elementor-divider-separator\">\n\t\t\t\t\t\t<\/span>\n\t\t<\/div>\n\t\t\t\t\t\t<\/div>\n\t\t\t\t<\/div>\n\t\t\t\t\t<\/div>\n\t\t<\/div>\n\t\t\t\t\t<\/div>\n\t\t<\/section>\n\t\t\t\t<\/div>\n\t\t","protected":false},"excerpt":{"rendered":"<p>\u041a\u0442\u043e \u043c\u044b? \u041d\u0435 \u043f\u0440\u043e\u0441\u0442\u043e \u043f\u0440\u043e\u0438\u0437\u0432\u043e\u0434\u0438\u043c \u043c\u0435\u0431\u0435\u043b\u044c, \u0430 \u0432\u0434\u043e\u0445\u043d\u043e\u0432\u043b\u044f\u0435\u043c. Etis \u2014 \u044d\u0442\u043e \u043d\u0435 \u043f\u0440\u043e\u0441\u0442\u043e \u043c\u0435\u0431\u0435\u043b\u044c\u043d\u044b\u0439 \u0431\u0440\u0435\u043d\u0434, \u044d\u0442\u043e \u043d\u0430\u0437\u0432\u0430\u043d\u0438\u0435 \u0432\u0438\u0434\u0435\u043d\u0438\u044f, \u0440\u043e\u0436\u0434\u0435\u043d\u043d\u043e\u0433\u043e \u043c\u043d\u043e\u0433\u043e\u043b\u0435\u0442\u043d\u0438\u043c \u043e\u043f\u044b\u0442\u043e\u043c, \u0442\u0440\u0443\u0434\u043e\u043c \u0438 \u0441\u0442\u0440\u0430\u0441\u0442\u044c\u044e. \u0415\u0435 \u043e\u0441\u043d\u043e\u0432\u0430\u0442\u0435\u043b\u0438, \u043e\u0431\u044a\u0435\u0434\u0438\u043d\u0438\u0432 \u0441\u0432\u043e\u0439 \u043c\u043d\u043e\u0433\u043e\u043b\u0435\u0442\u043d\u0438\u0439 \u043e\u043f\u044b\u0442, \u0442\u0435\u0445\u043d\u0438\u0447\u0435\u0441\u043a\u0438\u0435 \u0437\u043d\u0430\u043d\u0438\u044f \u0438 \u044d\u0441\u0442\u0435\u0442\u0438\u0447\u0435\u0441\u043a\u043e\u0435 \u043f\u043e\u043d\u0438\u043c\u0430\u043d\u0438\u0435, \u043f\u0440\u0438\u043e\u0431\u0440\u0435\u0442\u0435\u043d\u043d\u044b\u0435 \u0432 \u043c\u0435\u0431\u0435\u043b\u044c\u043d\u043e\u0439 \u043f\u0440\u043e\u043c\u044b\u0448\u043b\u0435\u043d\u043d\u043e\u0441\u0442\u0438, \u0432\u043e\u043f\u043b\u043e\u0442\u0438\u043b\u0438 Etis \u0432 \u0436\u0438\u0437\u043d\u044c, \u0447\u0442\u043e\u0431\u044b \u0443\u0432\u0435\u043d\u0447\u0430\u0442\u044c \u044d\u0442\u043e \u043f\u0443\u0442\u0435\u0448\u0435\u0441\u0442\u0432\u0438\u0435 \u0431\u043e\u043b\u044c\u0448\u0438\u043c \u0441\u043c\u044b\u0441\u043b\u043e\u043c. \u0421\u0435\u043c\u044c\u044f Etis, \u0441\u043e\u0441\u0442\u043e\u044f\u0449\u0430\u044f \u0438\u0437 \u043a\u043e\u043c\u0430\u043d\u0434\u044b \u044d\u043a\u0441\u043f\u0435\u0440\u0442\u043e\u0432 [&hellip;]<\/p>\n","protected":false},"author":1,"featured_media":0,"parent":0,"menu_order":0,"comment_status":"closed","ping_status":"closed","template":"elementor_header_footer","meta":{"_joinchat":[],"footnotes":""},"class_list":["post-1189","page","type-page","status-publish","hentry"],"_links":{"self":[{"href":"https:\/\/www.etishome.com\/ru\/wp-json\/wp\/v2\/pages\/1189","targetHints":{"allow":["GET"]}}],"collection":[{"href":"https:\/\/www.etishome.com\/ru\/wp-json\/wp\/v2\/pages"}],"about":[{"href":"https:\/\/www.etishome.com\/ru\/wp-json\/wp\/v2\/types\/page"}],"author":[{"embeddable":true,"href":"https:\/\/www.etishome.com\/ru\/wp-json\/wp\/v2\/users\/1"}],"replies":[{"embeddable":true,"href":"https:\/\/www.etishome.com\/ru\/wp-json\/wp\/v2\/comments?post=1189"}],"version-history":[{"count":0,"href":"https:\/\/www.etishome.com\/ru\/wp-json\/wp\/v2\/pages\/1189\/revisions"}],"wp:attachment":[{"href":"https:\/\/www.etishome.com\/ru\/wp-json\/wp\/v2\/media?parent=1189"}],"curies":[{"name":"wp","href":"https:\/\/api.w.org\/{rel}","templated":true}]}}