{"id":1123,"date":"2025-05-03T21:32:27","date_gmt":"2025-05-03T18:32:27","guid":{"rendered":"https:\/\/www.etishome.com\/%d0%ba%d0%b0%d1%80%d1%8c%d0%b5%d1%80%d0%b0\/"},"modified":"2025-05-03T21:32:27","modified_gmt":"2025-05-03T18:32:27","slug":"%d0%ba%d0%b0%d1%80%d1%8c%d0%b5%d1%80%d0%b0","status":"publish","type":"page","link":"https:\/\/www.etishome.com\/ru\/%d0%ba%d0%b0%d1%80%d1%8c%d0%b5%d1%80%d0%b0\/","title":{"rendered":"\u041a\u0430\u0440\u044c\u0435\u0440\u0430"},"content":{"rendered":"\t\t<div data-elementor-type=\"wp-page\" data-elementor-id=\"1123\" class=\"elementor elementor-1123\" data-elementor-post-type=\"page\">\n\t\t\t\t\t\t<section class=\"elementor-section elementor-top-section elementor-element elementor-element-20afd4a elementor-section-boxed elementor-section-height-default elementor-section-height-default\" data-id=\"20afd4a\" data-element_type=\"section\" data-settings=\"{&quot;background_background&quot;:&quot;classic&quot;}\">\n\t\t\t\t\t\t<div class=\"elementor-container elementor-column-gap-default\">\n\t\t\t\t\t<div class=\"elementor-column elementor-col-100 elementor-top-column elementor-element elementor-element-2e908ac9\" data-id=\"2e908ac9\" data-element_type=\"column\">\n\t\t\t<div class=\"elementor-widget-wrap elementor-element-populated\">\n\t\t\t\t\t\t<div class=\"elementor-element elementor-element-33a6950f elementor-invisible elementor-widget elementor-widget-heading\" data-id=\"33a6950f\" data-element_type=\"widget\" data-settings=\"{&quot;_animation&quot;:&quot;fadeInUp&quot;}\" data-widget_type=\"heading.default\">\n\t\t\t\t<div class=\"elementor-widget-container\">\n\t\t\t\t\t<h1 class=\"elementor-heading-title elementor-size-default\">\u041a\u0430\u0440\u044c\u0435\u0440\u0430<\/h1>\t\t\t\t<\/div>\n\t\t\t\t<\/div>\n\t\t\t\t\t<\/div>\n\t\t<\/div>\n\t\t\t\t\t<\/div>\n\t\t<\/section>\n\t\t\t\t<section class=\"elementor-section elementor-top-section elementor-element elementor-element-2395b35a elementor-section-content-middle elementor-section-boxed elementor-section-height-default elementor-section-height-default\" data-id=\"2395b35a\" data-element_type=\"section\">\n\t\t\t\t\t\t<div class=\"elementor-container elementor-column-gap-default\">\n\t\t\t\t\t<div class=\"elementor-column elementor-col-50 elementor-top-column elementor-element elementor-element-5ae7c256\" data-id=\"5ae7c256\" data-element_type=\"column\" data-settings=\"{&quot;background_background&quot;:&quot;classic&quot;}\">\n\t\t\t<div class=\"elementor-widget-wrap elementor-element-populated\">\n\t\t\t\t\t\t<div class=\"elementor-element elementor-element-4b277a9c elementor-invisible elementor-widget elementor-widget-image\" data-id=\"4b277a9c\" data-element_type=\"widget\" data-settings=\"{&quot;_animation&quot;:&quot;rotateIn&quot;}\" data-widget_type=\"image.default\">\n\t\t\t\t<div class=\"elementor-widget-container\">\n\t\t\t\t\t\t\t\t\t\t\t\t\t\t\t<img fetchpriority=\"high\" decoding=\"async\" width=\"1280\" height=\"720\" src=\"https:\/\/www.etishome.com\/wp-content\/uploads\/2025\/02\/mid-adults-couple-painting-furniture-indoors-at-home-relocation-and-diy-concept.jpg\" class=\"attachment-full size-full wp-image-24\" alt=\"\" srcset=\"https:\/\/www.etishome.com\/wp-content\/uploads\/2025\/02\/mid-adults-couple-painting-furniture-indoors-at-home-relocation-and-diy-concept.jpg 1280w, https:\/\/www.etishome.com\/wp-content\/uploads\/2025\/02\/mid-adults-couple-painting-furniture-indoors-at-home-relocation-and-diy-concept-600x338.jpg 600w, https:\/\/www.etishome.com\/wp-content\/uploads\/2025\/02\/mid-adults-couple-painting-furniture-indoors-at-home-relocation-and-diy-concept-300x169.jpg 300w, https:\/\/www.etishome.com\/wp-content\/uploads\/2025\/02\/mid-adults-couple-painting-furniture-indoors-at-home-relocation-and-diy-concept-1024x576.jpg 1024w, https:\/\/www.etishome.com\/wp-content\/uploads\/2025\/02\/mid-adults-couple-painting-furniture-indoors-at-home-relocation-and-diy-concept-768x432.jpg 768w\" sizes=\"(max-width: 1280px) 100vw, 1280px\" \/>\t\t\t\t\t\t\t\t\t\t\t\t\t\t\t<\/div>\n\t\t\t\t<\/div>\n\t\t\t\t<div class=\"elementor-element elementor-element-f738988 elementor-widget__width-initial elementor-absolute elementor-view-default elementor-position-top elementor-mobile-position-top elementor-invisible elementor-widget elementor-widget-icon-box\" data-id=\"f738988\" data-element_type=\"widget\" data-settings=\"{&quot;_position&quot;:&quot;absolute&quot;,&quot;_animation&quot;:&quot;fadeInUp&quot;,&quot;_animation_delay&quot;:200}\" data-widget_type=\"icon-box.default\">\n\t\t\t\t<div class=\"elementor-widget-container\">\n\t\t\t\t\t\t\t<div class=\"elementor-icon-box-wrapper\">\n\n\t\t\t\t\t\t<div class=\"elementor-icon-box-icon\">\n\t\t\t\t<span  class=\"elementor-icon\">\n\t\t\t\t<i aria-hidden=\"true\" class=\"oi oi-double-quote-serif-right\"><\/i>\t\t\t\t<\/span>\n\t\t\t<\/div>\n\t\t\t\n\t\t\t\t\t\t<div class=\"elementor-icon-box-content\">\n\n\t\t\t\t\t\t\t\t\t<div class=\"elementor-icon-box-title\">\n\t\t\t\t\t\t<span  >\n\t\t\t\t\t\t\tTasar\u0131m k\u00fclt\u00fcr yarat\u0131r. K\u00fclt\u00fcr de\u011ferleri \u015fekillendirir. De\u011ferler gelece\u011fi belirler.\t\t\t\t\t\t<\/span>\n\t\t\t\t\t<\/div>\n\t\t\t\t\n\t\t\t\t\t\t\t\t\t<p class=\"elementor-icon-box-description\">\n\t\t\t\t\t\t- Etis Home\t\t\t\t\t<\/p>\n\t\t\t\t\n\t\t\t<\/div>\n\t\t\t\n\t\t<\/div>\n\t\t\t\t\t\t<\/div>\n\t\t\t\t<\/div>\n\t\t\t\t\t<\/div>\n\t\t<\/div>\n\t\t\t\t<div class=\"elementor-column elementor-col-50 elementor-top-column elementor-element elementor-element-676c38f3 elementor-invisible\" data-id=\"676c38f3\" data-element_type=\"column\" data-settings=\"{&quot;animation&quot;:&quot;fadeInRight&quot;}\">\n\t\t\t<div class=\"elementor-widget-wrap elementor-element-populated\">\n\t\t\t\t\t\t<div class=\"elementor-element elementor-element-193f3d0f elementor-widget elementor-widget-heading\" data-id=\"193f3d0f\" data-element_type=\"widget\" data-widget_type=\"heading.default\">\n\t\t\t\t<div class=\"elementor-widget-container\">\n\t\t\t\t\t<h6 class=\"elementor-heading-title elementor-size-default\">Etis home<\/h6>\t\t\t\t<\/div>\n\t\t\t\t<\/div>\n\t\t\t\t<div class=\"elementor-element elementor-element-4a64cb4c elementor-widget elementor-widget-heading\" data-id=\"4a64cb4c\" data-element_type=\"widget\" data-widget_type=\"heading.default\">\n\t\t\t\t<div class=\"elementor-widget-container\">\n\t\t\t\t\t<h2 class=\"elementor-heading-title elementor-size-default\">Birlikte g\u00fclebiliyorsan\u0131z, birlikte \u00e7al\u0131\u015fabilirsiniz.<\/h2>\t\t\t\t<\/div>\n\t\t\t\t<\/div>\n\t\t\t\t<div class=\"elementor-element elementor-element-6ac32bfa elementor-widget elementor-widget-text-editor\" data-id=\"6ac32bfa\" data-element_type=\"widget\" data-widget_type=\"text-editor.default\">\n\t\t\t\t<div class=\"elementor-widget-container\">\n\t\t\t\t\t\t\t\t\t<p class=\"\" data-start=\"298\" data-end=\"575\">Etis, yaln\u0131zca mobilya \u00fcreten bir marka de\u011fil; tutkuyu, esteti\u011fi ve eme\u011fi bir araya getiren bir ya\u015fam vizyonudur. Bu vizyonun en g\u00fc\u00e7l\u00fc kayna\u011f\u0131 ise insan. \u00c7\u00fcnk\u00fc biz inan\u0131yoruz ki, b\u00fcy\u00fck fikirler; inan\u00e7la \u00e7al\u0131\u015fan, de\u011fer katan ve birlikte b\u00fcy\u00fcmeyi isteyen insanlarla hayata ge\u00e7er.<\/p><p class=\"\" data-start=\"577\" data-end=\"707\">Yenili\u011fe a\u00e7\u0131k, detaylara tutkulu, i\u015fini sahiplenen bir ekibin par\u00e7as\u0131 olmak istiyorsan\u0131z; sizinle tan\u0131\u015fmak i\u00e7in sab\u0131rs\u0131zlan\u0131yoruz.<\/p><p class=\"\" data-start=\"709\" data-end=\"929\">Etis\u2019te her \u00e7al\u0131\u015fan, sadece bir g\u00f6rev \u00fcstlenmez \u2014 ayn\u0131 zamanda markam\u0131z\u0131n gelece\u011fine katk\u0131 sa\u011flayan, iz b\u0131rakan bir yolculu\u011fun par\u00e7as\u0131 olur. Burada fikirleriniz \u00f6nemsenir, eme\u011finiz de\u011fer g\u00f6r\u00fcr ve geli\u015fiminiz desteklenir.<\/p><p class=\"\" data-start=\"931\" data-end=\"1086\">E\u011fer siz de g\u00fc\u00e7l\u00fc bir ekibin par\u00e7as\u0131 olmak, \u00fcretimin her a\u015famas\u0131nda kalite ve anlam yaratmak istiyorsan\u0131z; a\u015fa\u011f\u0131daki formu doldurarak bize ula\u015fabilirsiniz.<\/p><p class=\"\" data-start=\"1088\" data-end=\"1146\"><strong data-start=\"1088\" data-end=\"1146\">Etis\u2019te kariyer, sadece bir i\u015f de\u011fil; bir yolculuktur.<\/strong><\/p>\t\t\t\t\t\t\t\t<\/div>\n\t\t\t\t<\/div>\n\t\t\t\t<div class=\"elementor-element elementor-element-5a8c33fb elementor-widget-divider--view-line elementor-widget elementor-widget-divider\" data-id=\"5a8c33fb\" data-element_type=\"widget\" data-widget_type=\"divider.default\">\n\t\t\t\t<div class=\"elementor-widget-container\">\n\t\t\t\t\t\t\t<div class=\"elementor-divider\">\n\t\t\t<span class=\"elementor-divider-separator\">\n\t\t\t\t\t\t<\/span>\n\t\t<\/div>\n\t\t\t\t\t\t<\/div>\n\t\t\t\t<\/div>\n\t\t\t\t\t<\/div>\n\t\t<\/div>\n\t\t\t\t\t<\/div>\n\t\t<\/section>\n\t\t\t\t<section class=\"elementor-section elementor-top-section elementor-element elementor-element-7a71e857 elementor-section-boxed elementor-section-height-default elementor-section-height-default\" data-id=\"7a71e857\" data-element_type=\"section\" data-settings=\"{&quot;background_background&quot;:&quot;classic&quot;}\">\n\t\t\t\t\t\t\t<div class=\"elementor-background-overlay\"><\/div>\n\t\t\t\t\t\t\t<div class=\"elementor-container elementor-column-gap-default\">\n\t\t\t\t\t<div class=\"elementor-column elementor-col-100 elementor-top-column elementor-element elementor-element-6595b70d elementor-invisible\" data-id=\"6595b70d\" data-element_type=\"column\" data-settings=\"{&quot;animation&quot;:&quot;fadeInUp&quot;}\">\n\t\t\t<div class=\"elementor-widget-wrap elementor-element-populated\">\n\t\t\t\t\t\t<div class=\"elementor-element elementor-element-589a6211 elementor-widget elementor-widget-heading\" data-id=\"589a6211\" data-element_type=\"widget\" data-widget_type=\"heading.default\">\n\t\t\t\t<div class=\"elementor-widget-container\">\n\t\t\t\t\t<h6 class=\"elementor-heading-title elementor-size-default\">Online i\u015f ba\u015fvuru formu<\/h6>\t\t\t\t<\/div>\n\t\t\t\t<\/div>\n\t\t\t\t\t<\/div>\n\t\t<\/div>\n\t\t\t\t\t<\/div>\n\t\t<\/section>\n\t\t\t\t<section class=\"elementor-section elementor-top-section elementor-element elementor-element-504688f5 elementor-section-boxed elementor-section-height-default elementor-section-height-default\" data-id=\"504688f5\" data-element_type=\"section\" data-settings=\"{&quot;background_background&quot;:&quot;classic&quot;}\">\n\t\t\t\t\t\t<div class=\"elementor-container elementor-column-gap-default\">\n\t\t\t\t\t<div class=\"elementor-column elementor-col-100 elementor-top-column elementor-element elementor-element-26b6960f\" data-id=\"26b6960f\" data-element_type=\"column\">\n\t\t\t<div class=\"elementor-widget-wrap elementor-element-populated\">\n\t\t\t\t\t\t<section class=\"elementor-section elementor-inner-section elementor-element elementor-element-5087b848 elementor-section-boxed elementor-section-height-default elementor-section-height-default elementor-invisible\" data-id=\"5087b848\" data-element_type=\"section\" data-settings=\"{&quot;background_background&quot;:&quot;classic&quot;,&quot;animation&quot;:&quot;fadeInDown&quot;}\">\n\t\t\t\t\t\t<div class=\"elementor-container elementor-column-gap-default\">\n\t\t\t\t\t<div class=\"elementor-column elementor-col-100 elementor-inner-column elementor-element elementor-element-47b29a68\" data-id=\"47b29a68\" data-element_type=\"column\">\n\t\t\t<div class=\"elementor-widget-wrap elementor-element-populated\">\n\t\t\t\t\t\t<div class=\"elementor-element elementor-element-572ecfc1 elementor-button-align-stretch elementor-widget elementor-widget-form\" data-id=\"572ecfc1\" data-element_type=\"widget\" data-settings=\"{&quot;step_next_label&quot;:&quot;Next&quot;,&quot;step_previous_label&quot;:&quot;Previous&quot;,&quot;button_width&quot;:&quot;100&quot;,&quot;step_type&quot;:&quot;number_text&quot;,&quot;step_icon_shape&quot;:&quot;circle&quot;}\" data-widget_type=\"form.default\">\n\t\t\t\t<div class=\"elementor-widget-container\">\n\t\t\t\t\t\t\t<form class=\"elementor-form\" method=\"post\" name=\"New Form\">\n\t\t\t<input type=\"hidden\" name=\"post_id\" value=\"1123\"\/>\n\t\t\t<input type=\"hidden\" name=\"form_id\" value=\"572ecfc1\"\/>\n\t\t\t<input type=\"hidden\" name=\"referer_title\" value=\"\u041a\u0430\u0440\u044c\u0435\u0440\u0430\" \/>\n\n\t\t\t\t\t\t\t<input type=\"hidden\" name=\"queried_id\" value=\"1123\"\/>\n\t\t\t\n\t\t\t<div class=\"elementor-form-fields-wrapper elementor-labels-\">\n\t\t\t\t\t\t\t\t<div class=\"elementor-field-type-text elementor-field-group elementor-column elementor-field-group-name elementor-col-100\">\n\t\t\t\t\t\t\t\t\t\t\t\t<label for=\"form-field-name\" class=\"elementor-field-label elementor-screen-only\">\n\t\t\t\t\t\t\t\tAd\u0131n\u0131z Soyad\u0131n\u0131z\t\t\t\t\t\t\t<\/label>\n\t\t\t\t\t\t\t\t\t\t\t\t\t\t<input size=\"1\" type=\"text\" name=\"form_fields[name]\" id=\"form-field-name\" class=\"elementor-field elementor-size-md  elementor-field-textual\" placeholder=\"Ad\u0131n\u0131z Soyad\u0131n\u0131z\">\n\t\t\t\t\t\t\t\t\t\t\t<\/div>\n\t\t\t\t\t\t\t\t<div class=\"elementor-field-type-tel elementor-field-group elementor-column elementor-field-group-field_11f5fd0 elementor-col-50 elementor-field-required\">\n\t\t\t\t\t\t\t\t\t\t\t\t<label for=\"form-field-field_11f5fd0\" class=\"elementor-field-label elementor-screen-only\">\n\t\t\t\t\t\t\t\tTelefon\t\t\t\t\t\t\t<\/label>\n\t\t\t\t\t\t\t\t<input size=\"1\" type=\"tel\" name=\"form_fields[field_11f5fd0]\" id=\"form-field-field_11f5fd0\" class=\"elementor-field elementor-size-md  elementor-field-textual\" placeholder=\"Telefon\" required=\"required\" aria-required=\"true\" pattern=\"[0-9()#&amp;+*-=.]+\" title=\"Only numbers and phone characters (#, -, *, etc) are accepted.\">\n\n\t\t\t\t\t\t<\/div>\n\t\t\t\t\t\t\t\t<div class=\"elementor-field-type-email elementor-field-group elementor-column elementor-field-group-email elementor-col-50 elementor-field-required\">\n\t\t\t\t\t\t\t\t\t\t\t\t<label for=\"form-field-email\" class=\"elementor-field-label elementor-screen-only\">\n\t\t\t\t\t\t\t\tEmail\t\t\t\t\t\t\t<\/label>\n\t\t\t\t\t\t\t\t\t\t\t\t\t\t<input size=\"1\" type=\"email\" name=\"form_fields[email]\" id=\"form-field-email\" class=\"elementor-field elementor-size-md  elementor-field-textual\" placeholder=\"Email\" required=\"required\" aria-required=\"true\">\n\t\t\t\t\t\t\t\t\t\t\t<\/div>\n\t\t\t\t\t\t\t\t<div class=\"elementor-field-type-text elementor-field-group elementor-column elementor-field-group-field_4b7fa76 elementor-col-100 elementor-field-required\">\n\t\t\t\t\t\t\t\t\t\t\t\t<label for=\"form-field-field_4b7fa76\" class=\"elementor-field-label elementor-screen-only\">\n\t\t\t\t\t\t\t\tAdres\t\t\t\t\t\t\t<\/label>\n\t\t\t\t\t\t\t\t\t\t\t\t\t\t<input size=\"1\" type=\"text\" name=\"form_fields[field_4b7fa76]\" id=\"form-field-field_4b7fa76\" class=\"elementor-field elementor-size-md  elementor-field-textual\" placeholder=\"Adres\" required=\"required\" aria-required=\"true\">\n\t\t\t\t\t\t\t\t\t\t\t<\/div>\n\t\t\t\t\t\t\t\t<div class=\"elementor-field-type-upload elementor-field-group elementor-column elementor-field-group-field_2320697 elementor-col-100 elementor-field-required\">\n\t\t\t\t\t\t\t\t\t\t\t\t<label for=\"form-field-field_2320697\" class=\"elementor-field-label elementor-screen-only\">\n\t\t\t\t\t\t\t\tCV\t\t\t\t\t\t\t<\/label>\n\t\t\t\t\t\t\t\t<input type=\"file\" name=\"form_fields[field_2320697]\" id=\"form-field-field_2320697\" class=\"elementor-field elementor-size-md  elementor-upload-field\" required=\"required\" aria-required=\"true\" data-maxsize=\"25\" data-maxsize-message=\"This file exceeds the maximum allowed size.\">\n\n\t\t\t\t\t\t<\/div>\n\t\t\t\t\t\t\t\t<div class=\"elementor-field-type-textarea elementor-field-group elementor-column elementor-field-group-message elementor-col-100\">\n\t\t\t\t\t\t\t\t\t\t\t\t<label for=\"form-field-message\" class=\"elementor-field-label elementor-screen-only\">\n\t\t\t\t\t\t\t\tMesaj\u0131n\u0131z\t\t\t\t\t\t\t<\/label>\n\t\t\t\t\t\t<textarea class=\"elementor-field-textual elementor-field  elementor-size-md\" name=\"form_fields[message]\" id=\"form-field-message\" rows=\"4\" placeholder=\"Mesaj\u0131n\u0131z\"><\/textarea>\t\t\t\t<\/div>\n\t\t\t\t\t\t\t\t<div class=\"elementor-field-group elementor-column elementor-field-type-submit elementor-col-100 e-form__buttons\">\n\t\t\t\t\t<button class=\"elementor-button elementor-size-md\" type=\"submit\">\n\t\t\t\t\t\t<span class=\"elementor-button-content-wrapper\">\n\t\t\t\t\t\t\t\t\t\t\t\t\t\t\t<span class=\"elementor-button-icon\">\n\t\t\t\t\t\t\t\t\t<svg aria-hidden=\"true\" class=\"e-font-icon-svg e-far-envelope\" viewBox=\"0 0 512 512\" xmlns=\"http:\/\/www.w3.org\/2000\/svg\"><path d=\"M464 64H48C21.49 64 0 85.49 0 112v288c0 26.51 21.49 48 48 48h416c26.51 0 48-21.49 48-48V112c0-26.51-21.49-48-48-48zm0 48v40.805c-22.422 18.259-58.168 46.651-134.587 106.49-16.841 13.247-50.201 45.072-73.413 44.701-23.208.375-56.579-31.459-73.413-44.701C106.18 199.465 70.425 171.067 48 152.805V112h416zM48 400V214.398c22.914 18.251 55.409 43.862 104.938 82.646 21.857 17.205 60.134 55.186 103.062 54.955 42.717.231 80.509-37.199 103.053-54.947 49.528-38.783 82.032-64.401 104.947-82.653V400H48z\"><\/path><\/svg>\t\t\t\t\t\t\t\t\t\t\t\t\t\t\t\t\t<\/span>\n\t\t\t\t\t\t\t\t\t\t\t\t\t\t\t\t\t\t\t\t\t\t<span class=\"elementor-button-text\">Ba\u015fvur<\/span>\n\t\t\t\t\t\t\t\t\t\t\t\t\t<\/span>\n\t\t\t\t\t<\/button>\n\t\t\t\t<\/div>\n\t\t\t<\/div>\n\t\t<\/form>\n\t\t\t\t\t\t<\/div>\n\t\t\t\t<\/div>\n\t\t\t\t\t<\/div>\n\t\t<\/div>\n\t\t\t\t\t<\/div>\n\t\t<\/section>\n\t\t\t\t<section class=\"elementor-section elementor-inner-section elementor-element elementor-element-46d6fd81 elementor-section-boxed elementor-section-height-default elementor-section-height-default\" data-id=\"46d6fd81\" data-element_type=\"section\">\n\t\t\t\t\t\t<div class=\"elementor-container elementor-column-gap-default\">\n\t\t\t\t\t<div class=\"elementor-column elementor-col-100 elementor-inner-column elementor-element elementor-element-4c38789 elementor-invisible\" data-id=\"4c38789\" data-element_type=\"column\" data-settings=\"{&quot;animation&quot;:&quot;fadeInDown&quot;,&quot;animation_delay&quot;:200}\">\n\t\t\t<div class=\"elementor-widget-wrap elementor-element-populated\">\n\t\t\t\t\t\t<div class=\"elementor-element elementor-element-3ccc5605 elementor-widget elementor-widget-heading\" data-id=\"3ccc5605\" data-element_type=\"widget\" data-widget_type=\"heading.default\">\n\t\t\t\t<div class=\"elementor-widget-container\">\n\t\t\t\t\t<h4 class=\"elementor-heading-title elementor-size-default\">Daha fazla yard\u0131ma m\u0131 ihtiyac\u0131n\u0131z var? Bize ula\u015f\u0131n<\/h4>\t\t\t\t<\/div>\n\t\t\t\t<\/div>\n\t\t\t\t<div class=\"elementor-element elementor-element-6f197245 elementor-align-center elementor-widget elementor-widget-button\" data-id=\"6f197245\" data-element_type=\"widget\" data-widget_type=\"button.default\">\n\t\t\t\t<div class=\"elementor-widget-container\">\n\t\t\t\t\t\t\t\t\t<div class=\"elementor-button-wrapper\">\n\t\t\t\t\t<a class=\"elementor-button elementor-button-link elementor-size-xs\" href=\"https:\/\/www.etishome.com\/iletisim\/\">\n\t\t\t\t\t\t<span class=\"elementor-button-content-wrapper\">\n\t\t\t\t\t\t\t\t\t<span class=\"elementor-button-text\">Bize Ula\u015f\u0131n<\/span>\n\t\t\t\t\t<\/span>\n\t\t\t\t\t<\/a>\n\t\t\t\t<\/div>\n\t\t\t\t\t\t\t\t<\/div>\n\t\t\t\t<\/div>\n\t\t\t\t\t<\/div>\n\t\t<\/div>\n\t\t\t\t\t<\/div>\n\t\t<\/section>\n\t\t\t\t\t<\/div>\n\t\t<\/div>\n\t\t\t\t\t<\/div>\n\t\t<\/section>\n\t\t\t\t<\/div>\n\t\t","protected":false},"excerpt":{"rendered":"<p>\u0414\u0438\u0437\u0430\u0439\u043d \u0441\u043e\u0437\u0434\u0430\u0435\u0442 \u043a\u0443\u043b\u044c\u0442\u0443\u0440\u0443. \u041a\u0443\u043b\u044c\u0442\u0443\u0440\u0430 \u0444\u043e\u0440\u043c\u0438\u0440\u0443\u0435\u0442 \u0446\u0435\u043d\u043d\u043e\u0441\u0442\u0438. \u0426\u0435\u043d\u043d\u043e\u0441\u0442\u0438 \u043e\u043f\u0440\u0435\u0434\u0435\u043b\u044f\u044e\u0442 \u0431\u0443\u0434\u0443\u0449\u0435\u0435. &#8212; Etis Home Etis home \u0415\u0441\u043b\u0438 \u0432\u044b \u043c\u043e\u0436\u0435\u0442\u0435 \u0441\u043c\u0435\u044f\u0442\u044c\u0441\u044f \u0432\u043c\u0435\u0441\u0442\u0435, \u0432\u044b \u043c\u043e\u0436\u0435\u0442\u0435 \u0440\u0430\u0431\u043e\u0442\u0430\u0442\u044c \u0432\u043c\u0435\u0441\u0442\u0435. Etis \u2014 \u044d\u0442\u043e \u043d\u0435 \u043f\u0440\u043e\u0441\u0442\u043e \u0431\u0440\u0435\u043d\u0434, \u043f\u0440\u043e\u0438\u0437\u0432\u043e\u0434\u044f\u0449\u0438\u0439 \u043c\u0435\u0431\u0435\u043b\u044c; \u044d\u0442\u043e \u0432\u0438\u0434\u0435\u043d\u0438\u0435 \u0436\u0438\u0437\u043d\u0438, \u043e\u0431\u044a\u0435\u0434\u0438\u043d\u044f\u044e\u0449\u0435\u0435 \u0441\u0442\u0440\u0430\u0441\u0442\u044c, \u044d\u0441\u0442\u0435\u0442\u0438\u043a\u0443 \u0438 \u0442\u0440\u0443\u0434. \u0421\u0430\u043c\u044b\u0439 \u043c\u043e\u0449\u043d\u044b\u0439 \u0438\u0441\u0442\u043e\u0447\u043d\u0438\u043a \u044d\u0442\u043e\u0433\u043e \u0432\u0438\u0434\u0435\u043d\u0438\u044f \u2014 \u043b\u044e\u0434\u0438. \u041f\u043e\u0442\u043e\u043c\u0443 \u0447\u0442\u043e \u043c\u044b \u0432\u0435\u0440\u0438\u043c, \u0447\u0442\u043e \u0432\u0435\u043b\u0438\u043a\u0438\u0435 \u0438\u0434\u0435\u0438 \u0432\u043e\u043f\u043b\u043e\u0449\u0430\u044e\u0442\u0441\u044f \u0432 [&hellip;]<\/p>\n","protected":false},"author":1,"featured_media":0,"parent":0,"menu_order":0,"comment_status":"closed","ping_status":"closed","template":"elementor_header_footer","meta":{"_joinchat":[],"footnotes":""},"class_list":["post-1123","page","type-page","status-publish","hentry"],"_links":{"self":[{"href":"https:\/\/www.etishome.com\/ru\/wp-json\/wp\/v2\/pages\/1123","targetHints":{"allow":["GET"]}}],"collection":[{"href":"https:\/\/www.etishome.com\/ru\/wp-json\/wp\/v2\/pages"}],"about":[{"href":"https:\/\/www.etishome.com\/ru\/wp-json\/wp\/v2\/types\/page"}],"author":[{"embeddable":true,"href":"https:\/\/www.etishome.com\/ru\/wp-json\/wp\/v2\/users\/1"}],"replies":[{"embeddable":true,"href":"https:\/\/www.etishome.com\/ru\/wp-json\/wp\/v2\/comments?post=1123"}],"version-history":[{"count":0,"href":"https:\/\/www.etishome.com\/ru\/wp-json\/wp\/v2\/pages\/1123\/revisions"}],"wp:attachment":[{"href":"https:\/\/www.etishome.com\/ru\/wp-json\/wp\/v2\/media?parent=1123"}],"curies":[{"name":"wp","href":"https:\/\/api.w.org\/{rel}","templated":true}]}}