{"id":362,"date":"2025-05-18T22:29:19","date_gmt":"2025-05-18T19:29:19","guid":{"rendered":"https:\/\/www.etishome.com\/?post_type=product&#038;p=362"},"modified":"2025-06-14T13:54:48","modified_gmt":"2025-06-14T10:54:48","slug":"goya-yatak-odasi","status":"publish","type":"product","link":"https:\/\/www.etishome.com\/en\/urun\/goya-yatak-odasi\/","title":{"rendered":"Goya Yatak Odas\u0131"},"content":{"rendered":"","protected":false},"excerpt":{"rendered":"<p><img fetchpriority=\"high\" decoding=\"async\" class=\"alignnone wp-image-413 size-full\" src=\"https:\/\/www.etishome.com\/wp-content\/uploads\/2025\/05\/goya-yatak-odasi-modelleri.jpg\" alt=\"\" width=\"740\" height=\"274\" srcset=\"https:\/\/www.etishome.com\/wp-content\/uploads\/2025\/05\/goya-yatak-odasi-modelleri.jpg 740w, https:\/\/www.etishome.com\/wp-content\/uploads\/2025\/05\/goya-yatak-odasi-modelleri-600x222.jpg 600w, https:\/\/www.etishome.com\/wp-content\/uploads\/2025\/05\/goya-yatak-odasi-modelleri-300x111.jpg 300w\" sizes=\"(max-width: 740px) 100vw, 740px\" \/><img decoding=\"async\" class=\"alignnone size-full wp-image-412\" src=\"https:\/\/www.etishome.com\/wp-content\/uploads\/2025\/05\/goya-yatak-odasi-olculeri.jpg\" alt=\"\" width=\"384\" height=\"187\" srcset=\"https:\/\/www.etishome.com\/wp-content\/uploads\/2025\/05\/goya-yatak-odasi-olculeri.jpg 384w, https:\/\/www.etishome.com\/wp-content\/uploads\/2025\/05\/goya-yatak-odasi-olculeri-300x146.jpg 300w\" sizes=\"(max-width: 384px) 100vw, 384px\" \/><\/p>\n<p>Ger\u00e7ek mi, hayal mi? Goya ile her an bir ba\u015fka d\u00fcnyaya a\u00e7\u0131l\u0131r. Zihnini Serbest b\u0131rak, hikayenin par\u00e7as\u0131 ol.<\/p>\n<p><strong>Kullan\u0131lan Renkler:<\/strong><\/p>\n[gallery size=\"medium\" link=\"file\" ids=\"725,722\"]\n<p><strong>\u0130\u00e7 Renkler:<\/strong><br \/>\n[gallery size=\"medium\" link=\"file\" ids=\"720\"]<\/p>\n","protected":false},"featured_media":369,"comment_status":"open","ping_status":"closed","template":"","meta":{"_joinchat":[]},"product_brand":[],"product_cat":[27],"product_tag":[],"class_list":{"0":"post-362","1":"product","2":"type-product","3":"status-publish","4":"has-post-thumbnail","6":"product_cat-yatak-odalari","8":"first","9":"instock","10":"shipping-taxable","11":"product-type-simple"},"_links":{"self":[{"href":"https:\/\/www.etishome.com\/en\/wp-json\/wp\/v2\/product\/362","targetHints":{"allow":["GET"]}}],"collection":[{"href":"https:\/\/www.etishome.com\/en\/wp-json\/wp\/v2\/product"}],"about":[{"href":"https:\/\/www.etishome.com\/en\/wp-json\/wp\/v2\/types\/product"}],"replies":[{"embeddable":true,"href":"https:\/\/www.etishome.com\/en\/wp-json\/wp\/v2\/comments?post=362"}],"wp:featuredmedia":[{"embeddable":true,"href":"https:\/\/www.etishome.com\/en\/wp-json\/wp\/v2\/media\/369"}],"wp:attachment":[{"href":"https:\/\/www.etishome.com\/en\/wp-json\/wp\/v2\/media?parent=362"}],"wp:term":[{"taxonomy":"product_brand","embeddable":true,"href":"https:\/\/www.etishome.com\/en\/wp-json\/wp\/v2\/product_brand?post=362"},{"taxonomy":"product_cat","embeddable":true,"href":"https:\/\/www.etishome.com\/en\/wp-json\/wp\/v2\/product_cat?post=362"},{"taxonomy":"product_tag","embeddable":true,"href":"https:\/\/www.etishome.com\/en\/wp-json\/wp\/v2\/product_tag?post=362"}],"curies":[{"name":"wp","href":"https:\/\/api.w.org\/{rel}","templated":true}]}}