{"id":360,"date":"2025-05-18T22:26:51","date_gmt":"2025-05-18T19:26:51","guid":{"rendered":"https:\/\/www.etishome.com\/?post_type=product&#038;p=360"},"modified":"2025-06-14T13:54:33","modified_gmt":"2025-06-14T10:54:33","slug":"bohem-yatak-odasi","status":"publish","type":"product","link":"https:\/\/www.etishome.com\/en\/urun\/bohem-yatak-odasi\/","title":{"rendered":"Bohem Yatak Odas\u0131"},"content":{"rendered":"","protected":false},"excerpt":{"rendered":"<p><img fetchpriority=\"high\" decoding=\"async\" class=\"alignnone size-full wp-image-411\" src=\"https:\/\/www.etishome.com\/wp-content\/uploads\/2025\/05\/bohem-yatak-odasi-modelleri.jpg\" alt=\"\" width=\"796\" height=\"273\" srcset=\"https:\/\/www.etishome.com\/wp-content\/uploads\/2025\/05\/bohem-yatak-odasi-modelleri.jpg 796w, https:\/\/www.etishome.com\/wp-content\/uploads\/2025\/05\/bohem-yatak-odasi-modelleri-600x206.jpg 600w, https:\/\/www.etishome.com\/wp-content\/uploads\/2025\/05\/bohem-yatak-odasi-modelleri-300x103.jpg 300w, https:\/\/www.etishome.com\/wp-content\/uploads\/2025\/05\/bohem-yatak-odasi-modelleri-768x263.jpg 768w\" sizes=\"(max-width: 796px) 100vw, 796px\" \/><img decoding=\"async\" class=\"alignnone size-full wp-image-410\" src=\"https:\/\/www.etishome.com\/wp-content\/uploads\/2025\/05\/bohem-yatak-odasi-olculeri.jpg\" alt=\"\" width=\"403\" height=\"216\" srcset=\"https:\/\/www.etishome.com\/wp-content\/uploads\/2025\/05\/bohem-yatak-odasi-olculeri.jpg 403w, https:\/\/www.etishome.com\/wp-content\/uploads\/2025\/05\/bohem-yatak-odasi-olculeri-300x161.jpg 300w\" sizes=\"(max-width: 403px) 100vw, 403px\" \/><\/p>\n<p>Bohem r\u00fczgarlar\u0131yla savrulan bu tasar\u0131m, \u00f6zg\u00fcrl\u00fc\u011f\u00fcn en zarif halini tenine f\u0131s\u0131ldar.<\/p>\n<p>Do\u011fall\u0131\u011f\u0131n ve tutkuyla harmanlanm\u0131\u015f detaylar\u0131n aras\u0131nda, kalbin ritmini duyar gibi olacaks\u0131n.<\/p>\n<p><strong>Kullan\u0131lan Renkler:<\/strong><\/p>\n[gallery link=\"file\" size=\"medium\" ids=\"722,729\"]\n<p><strong>\u0130\u00e7 Renkler:<\/strong><br \/>\n[gallery size=\"medium\" link=\"file\" ids=\"720\"]<\/p>\n","protected":false},"featured_media":361,"comment_status":"open","ping_status":"closed","template":"","meta":{"_joinchat":[]},"product_brand":[],"product_cat":[27],"product_tag":[],"class_list":{"0":"post-360","1":"product","2":"type-product","3":"status-publish","4":"has-post-thumbnail","6":"product_cat-yatak-odalari","8":"first","9":"instock","10":"shipping-taxable","11":"product-type-simple"},"_links":{"self":[{"href":"https:\/\/www.etishome.com\/en\/wp-json\/wp\/v2\/product\/360","targetHints":{"allow":["GET"]}}],"collection":[{"href":"https:\/\/www.etishome.com\/en\/wp-json\/wp\/v2\/product"}],"about":[{"href":"https:\/\/www.etishome.com\/en\/wp-json\/wp\/v2\/types\/product"}],"replies":[{"embeddable":true,"href":"https:\/\/www.etishome.com\/en\/wp-json\/wp\/v2\/comments?post=360"}],"wp:featuredmedia":[{"embeddable":true,"href":"https:\/\/www.etishome.com\/en\/wp-json\/wp\/v2\/media\/361"}],"wp:attachment":[{"href":"https:\/\/www.etishome.com\/en\/wp-json\/wp\/v2\/media?parent=360"}],"wp:term":[{"taxonomy":"product_brand","embeddable":true,"href":"https:\/\/www.etishome.com\/en\/wp-json\/wp\/v2\/product_brand?post=360"},{"taxonomy":"product_cat","embeddable":true,"href":"https:\/\/www.etishome.com\/en\/wp-json\/wp\/v2\/product_cat?post=360"},{"taxonomy":"product_tag","embeddable":true,"href":"https:\/\/www.etishome.com\/en\/wp-json\/wp\/v2\/product_tag?post=360"}],"curies":[{"name":"wp","href":"https:\/\/api.w.org\/{rel}","templated":true}]}}