{"id":354,"date":"2025-05-18T22:10:20","date_gmt":"2025-05-18T19:10:20","guid":{"rendered":"https:\/\/www.etishome.com\/?post_type=product&#038;p=354"},"modified":"2025-06-14T13:50:35","modified_gmt":"2025-06-14T10:50:35","slug":"bodrum-yatak-odasi","status":"publish","type":"product","link":"https:\/\/www.etishome.com\/en\/urun\/bodrum-yatak-odasi\/","title":{"rendered":"Bodrum Yatak Odas\u0131"},"content":{"rendered":"","protected":false},"excerpt":{"rendered":"<p><img fetchpriority=\"high\" decoding=\"async\" class=\"alignnone wp-image-404 size-full\" src=\"https:\/\/www.etishome.com\/wp-content\/uploads\/2025\/05\/bodrum-yatak-odasi-modelleri-2.jpg\" alt=\"\" width=\"818\" height=\"270\" srcset=\"https:\/\/www.etishome.com\/wp-content\/uploads\/2025\/05\/bodrum-yatak-odasi-modelleri-2.jpg 818w, https:\/\/www.etishome.com\/wp-content\/uploads\/2025\/05\/bodrum-yatak-odasi-modelleri-2-600x198.jpg 600w, https:\/\/www.etishome.com\/wp-content\/uploads\/2025\/05\/bodrum-yatak-odasi-modelleri-2-300x99.jpg 300w, https:\/\/www.etishome.com\/wp-content\/uploads\/2025\/05\/bodrum-yatak-odasi-modelleri-2-768x253.jpg 768w\" sizes=\"(max-width: 818px) 100vw, 818px\" \/><img decoding=\"async\" class=\"alignnone wp-image-403 size-full\" src=\"https:\/\/www.etishome.com\/wp-content\/uploads\/2025\/05\/bodrum-yatak-odasi-modelleri.jpg\" alt=\"\" width=\"349\" height=\"186\" srcset=\"https:\/\/www.etishome.com\/wp-content\/uploads\/2025\/05\/bodrum-yatak-odasi-modelleri.jpg 349w, https:\/\/www.etishome.com\/wp-content\/uploads\/2025\/05\/bodrum-yatak-odasi-modelleri-300x160.jpg 300w\" sizes=\"(max-width: 349px) 100vw, 349px\" \/><\/p>\n<p>Bodrum&#8217;un sakin r\u00fczgar\u0131 ve deniz kokusu e\u015fli\u011finde, bu yatak odas\u0131 huzurun ve a\u015fk\u0131n en zarif bulu\u015fma noktas\u0131.<\/p>\n<p>Her sabah, maviye uyanan bir a\u015fk hikayesinin tam kalbinde uyan\u0131rs\u0131n\u0131z.<\/p>\n<p><strong>Kullan\u0131lan Renkler:<\/strong><\/p>\n[gallery link=\"file\" size=\"medium\" ids=\"727,730\"]\n<p><strong>\u0130\u00e7 Renkler:<\/strong><br \/>\n[gallery size=\"medium\" link=\"file\" ids=\"720\"]<\/p>\n","protected":false},"featured_media":366,"comment_status":"open","ping_status":"closed","template":"","meta":{"_joinchat":[]},"product_brand":[],"product_cat":[27],"product_tag":[],"class_list":{"0":"post-354","1":"product","2":"type-product","3":"status-publish","4":"has-post-thumbnail","6":"product_cat-yatak-odalari","8":"first","9":"instock","10":"shipping-taxable","11":"product-type-simple"},"_links":{"self":[{"href":"https:\/\/www.etishome.com\/en\/wp-json\/wp\/v2\/product\/354","targetHints":{"allow":["GET"]}}],"collection":[{"href":"https:\/\/www.etishome.com\/en\/wp-json\/wp\/v2\/product"}],"about":[{"href":"https:\/\/www.etishome.com\/en\/wp-json\/wp\/v2\/types\/product"}],"replies":[{"embeddable":true,"href":"https:\/\/www.etishome.com\/en\/wp-json\/wp\/v2\/comments?post=354"}],"wp:featuredmedia":[{"embeddable":true,"href":"https:\/\/www.etishome.com\/en\/wp-json\/wp\/v2\/media\/366"}],"wp:attachment":[{"href":"https:\/\/www.etishome.com\/en\/wp-json\/wp\/v2\/media?parent=354"}],"wp:term":[{"taxonomy":"product_brand","embeddable":true,"href":"https:\/\/www.etishome.com\/en\/wp-json\/wp\/v2\/product_brand?post=354"},{"taxonomy":"product_cat","embeddable":true,"href":"https:\/\/www.etishome.com\/en\/wp-json\/wp\/v2\/product_cat?post=354"},{"taxonomy":"product_tag","embeddable":true,"href":"https:\/\/www.etishome.com\/en\/wp-json\/wp\/v2\/product_tag?post=354"}],"curies":[{"name":"wp","href":"https:\/\/api.w.org\/{rel}","templated":true}]}}