{"id":358,"date":"2025-05-18T22:25:55","date_gmt":"2025-05-18T19:25:55","guid":{"rendered":"https:\/\/www.etishome.com\/?post_type=product&#038;p=358"},"modified":"2025-06-14T13:50:53","modified_gmt":"2025-06-14T10:50:53","slug":"golf-yatak-odasi","status":"publish","type":"product","link":"https:\/\/www.etishome.com\/ar\/urun\/golf-yatak-odasi\/","title":{"rendered":"Golf Yatak Odas\u0131"},"content":{"rendered":"","protected":false},"excerpt":{"rendered":"<p><img fetchpriority=\"high\" decoding=\"async\" class=\"alignnone size-full wp-image-409\" src=\"https:\/\/www.etishome.com\/wp-content\/uploads\/2025\/05\/golf-yatak-odasi-modelleri.jpg\" alt=\"\" width=\"826\" height=\"269\" srcset=\"https:\/\/www.etishome.com\/wp-content\/uploads\/2025\/05\/golf-yatak-odasi-modelleri.jpg 826w, https:\/\/www.etishome.com\/wp-content\/uploads\/2025\/05\/golf-yatak-odasi-modelleri-600x195.jpg 600w, https:\/\/www.etishome.com\/wp-content\/uploads\/2025\/05\/golf-yatak-odasi-modelleri-300x98.jpg 300w, https:\/\/www.etishome.com\/wp-content\/uploads\/2025\/05\/golf-yatak-odasi-modelleri-768x250.jpg 768w\" sizes=\"(max-width: 826px) 100vw, 826px\" \/><img decoding=\"async\" class=\"alignnone wp-image-408 size-full\" src=\"https:\/\/www.etishome.com\/wp-content\/uploads\/2025\/05\/golf-yatak-odasi-olculeri.jpg\" alt=\"\" width=\"352\" height=\"205\" srcset=\"https:\/\/www.etishome.com\/wp-content\/uploads\/2025\/05\/golf-yatak-odasi-olculeri.jpg 352w, https:\/\/www.etishome.com\/wp-content\/uploads\/2025\/05\/golf-yatak-odasi-olculeri-300x175.jpg 300w\" sizes=\"(max-width: 352px) 100vw, 352px\" \/><\/p>\n<p>Golf tutkusunu zarafetle bulu\u015fturan bu koleksiyon, her detay\u0131nda a\u015fk\u0131n incelikli dokunu\u015funu ta\u015f\u0131yor.<\/p>\n<p>Stil ve \u015f\u0131kl\u0131\u011f\u0131n romantik bir vuru\u015fla bir araya geldi\u011fi bu tasar\u0131mlar, kalpleri fethetmeye haz\u0131r.<\/p>\n<p><strong>Kullan\u0131lan Renkler:<\/strong><\/p>\n[gallery size=\"medium\" link=\"file\" ids=\"729\"]\n<p><strong>\u0130\u00e7 Renkler:<\/strong><br \/>\n[gallery size=\"medium\" link=\"file\" ids=\"720\"]<\/p>\n","protected":false},"featured_media":368,"comment_status":"open","ping_status":"closed","template":"","meta":{"_joinchat":[]},"product_brand":[],"product_cat":[27],"product_tag":[],"class_list":{"0":"post-358","1":"product","2":"type-product","3":"status-publish","4":"has-post-thumbnail","6":"product_cat-yatak-odalari","8":"first","9":"instock","10":"shipping-taxable","11":"product-type-simple"},"_links":{"self":[{"href":"https:\/\/www.etishome.com\/ar\/wp-json\/wp\/v2\/product\/358","targetHints":{"allow":["GET"]}}],"collection":[{"href":"https:\/\/www.etishome.com\/ar\/wp-json\/wp\/v2\/product"}],"about":[{"href":"https:\/\/www.etishome.com\/ar\/wp-json\/wp\/v2\/types\/product"}],"replies":[{"embeddable":true,"href":"https:\/\/www.etishome.com\/ar\/wp-json\/wp\/v2\/comments?post=358"}],"wp:featuredmedia":[{"embeddable":true,"href":"https:\/\/www.etishome.com\/ar\/wp-json\/wp\/v2\/media\/368"}],"wp:attachment":[{"href":"https:\/\/www.etishome.com\/ar\/wp-json\/wp\/v2\/media?parent=358"}],"wp:term":[{"taxonomy":"product_brand","embeddable":true,"href":"https:\/\/www.etishome.com\/ar\/wp-json\/wp\/v2\/product_brand?post=358"},{"taxonomy":"product_cat","embeddable":true,"href":"https:\/\/www.etishome.com\/ar\/wp-json\/wp\/v2\/product_cat?post=358"},{"taxonomy":"product_tag","embeddable":true,"href":"https:\/\/www.etishome.com\/ar\/wp-json\/wp\/v2\/product_tag?post=358"}],"curies":[{"name":"wp","href":"https:\/\/api.w.org\/{rel}","templated":true}]}}