{"id":356,"date":"2025-05-18T22:17:12","date_gmt":"2025-05-18T19:17:12","guid":{"rendered":"https:\/\/www.etishome.com\/?post_type=product&#038;p=356"},"modified":"2025-06-14T13:50:49","modified_gmt":"2025-06-14T10:50:49","slug":"nazar-yatak-odasi","status":"publish","type":"product","link":"https:\/\/www.etishome.com\/ar\/urun\/nazar-yatak-odasi\/","title":{"rendered":"Nazar Yatak Odas\u0131"},"content":{"rendered":"","protected":false},"excerpt":{"rendered":"<p><img fetchpriority=\"high\" decoding=\"async\" class=\"alignnone size-full wp-image-406\" src=\"https:\/\/www.etishome.com\/wp-content\/uploads\/2025\/05\/nazar-yatak-odasi-modelleri-2.jpg\" alt=\"\" width=\"813\" height=\"285\" srcset=\"https:\/\/www.etishome.com\/wp-content\/uploads\/2025\/05\/nazar-yatak-odasi-modelleri-2.jpg 813w, https:\/\/www.etishome.com\/wp-content\/uploads\/2025\/05\/nazar-yatak-odasi-modelleri-2-600x210.jpg 600w, https:\/\/www.etishome.com\/wp-content\/uploads\/2025\/05\/nazar-yatak-odasi-modelleri-2-300x105.jpg 300w, https:\/\/www.etishome.com\/wp-content\/uploads\/2025\/05\/nazar-yatak-odasi-modelleri-2-768x269.jpg 768w\" sizes=\"(max-width: 813px) 100vw, 813px\" \/><img decoding=\"async\" class=\"alignnone wp-image-405 size-full\" src=\"https:\/\/www.etishome.com\/wp-content\/uploads\/2025\/05\/nazar-yatak-odasi-olculeri.jpg\" alt=\"\" width=\"362\" height=\"216\" srcset=\"https:\/\/www.etishome.com\/wp-content\/uploads\/2025\/05\/nazar-yatak-odasi-olculeri.jpg 362w, https:\/\/www.etishome.com\/wp-content\/uploads\/2025\/05\/nazar-yatak-odasi-olculeri-300x179.jpg 300w\" sizes=\"(max-width: 362px) 100vw, 362px\" \/><\/p>\n<p>Zarafetin ve koruyucu enerjinin simgesi Nazar, yatak odan\u0131za estetiklikle\u00a0 birlikte huzur getiriyor.<\/p>\n<p>Her detay\u0131nda bu \u00f6zel tasarm, ya\u015fam alan\u0131za anlam katmak i\u00e7in tasarland\u0131.<\/p>\n<p><strong>Kullan\u0131lan Renkler:<\/strong><\/p>\n[gallery link=\"file\" size=\"medium\" ids=\"722\"]\n<p><strong>\u0130\u00e7 Renkler:<\/strong><br \/>\n[gallery size=\"medium\" link=\"file\" ids=\"720\"]<\/p>\n","protected":false},"featured_media":367,"comment_status":"open","ping_status":"closed","template":"","meta":{"_joinchat":[]},"product_brand":[],"product_cat":[27],"product_tag":[],"class_list":{"0":"post-356","1":"product","2":"type-product","3":"status-publish","4":"has-post-thumbnail","6":"product_cat-yatak-odalari","8":"first","9":"instock","10":"shipping-taxable","11":"product-type-simple"},"_links":{"self":[{"href":"https:\/\/www.etishome.com\/ar\/wp-json\/wp\/v2\/product\/356","targetHints":{"allow":["GET"]}}],"collection":[{"href":"https:\/\/www.etishome.com\/ar\/wp-json\/wp\/v2\/product"}],"about":[{"href":"https:\/\/www.etishome.com\/ar\/wp-json\/wp\/v2\/types\/product"}],"replies":[{"embeddable":true,"href":"https:\/\/www.etishome.com\/ar\/wp-json\/wp\/v2\/comments?post=356"}],"wp:featuredmedia":[{"embeddable":true,"href":"https:\/\/www.etishome.com\/ar\/wp-json\/wp\/v2\/media\/367"}],"wp:attachment":[{"href":"https:\/\/www.etishome.com\/ar\/wp-json\/wp\/v2\/media?parent=356"}],"wp:term":[{"taxonomy":"product_brand","embeddable":true,"href":"https:\/\/www.etishome.com\/ar\/wp-json\/wp\/v2\/product_brand?post=356"},{"taxonomy":"product_cat","embeddable":true,"href":"https:\/\/www.etishome.com\/ar\/wp-json\/wp\/v2\/product_cat?post=356"},{"taxonomy":"product_tag","embeddable":true,"href":"https:\/\/www.etishome.com\/ar\/wp-json\/wp\/v2\/product_tag?post=356"}],"curies":[{"name":"wp","href":"https:\/\/api.w.org\/{rel}","templated":true}]}}